{"id":107,"date":"2022-06-03T00:28:51","date_gmt":"2022-06-02T21:28:51","guid":{"rendered":"https:\/\/ipekyolinsaat.com\/?page_id=107"},"modified":"2022-06-03T21:18:02","modified_gmt":"2022-06-03T18:18:02","slug":"iletisim","status":"publish","type":"page","link":"https:\/\/ipekyolinsaat.com\/index.php\/iletisim\/","title":{"rendered":"\u0130leti\u015fim"},"content":{"rendered":"\t\t<div data-elementor-type=\"wp-page\" data-elementor-id=\"107\" class=\"elementor elementor-107\">\n\t\t\t\t\t\t<div class=\"elementor-inner\">\n\t\t\t\t<div class=\"elementor-section-wrap\">\n\t\t\t\t\t\t\t\t\t<section class=\"elementor-section elementor-top-section elementor-element elementor-element-cb8757d elementor-section-boxed elementor-section-height-default elementor-section-height-default\" data-id=\"cb8757d\" data-element_type=\"section\">\n\t\t\t\t\t\t<div class=\"elementor-container elementor-column-gap-default\">\n\t\t\t\t\t\t\t<div class=\"elementor-row\">\n\t\t\t\t\t<div class=\"elementor-column elementor-col-100 elementor-top-column elementor-element elementor-element-d320717\" data-id=\"d320717\" data-element_type=\"column\">\n\t\t\t<div class=\"elementor-column-wrap elementor-element-populated\">\n\t\t\t\t\t\t\t<div class=\"elementor-widget-wrap\">\n\t\t\t\t\t\t<div class=\"elementor-element elementor-element-49ca211 elementor-widget elementor-widget-heading\" data-id=\"49ca211\" data-element_type=\"widget\" data-widget_type=\"heading.default\">\n\t\t\t\t<div class=\"elementor-widget-container\">\n\t\t\t<h2 class=\"elementor-heading-title elementor-size-default\">Bizimle \u0130leti\u015fime Ge\u00e7in<\/h2>\t\t<\/div>\n\t\t\t\t<\/div>\n\t\t\t\t<section class=\"elementor-section elementor-inner-section elementor-element elementor-element-8f5d232 elementor-section-boxed elementor-section-height-default elementor-section-height-default\" data-id=\"8f5d232\" data-element_type=\"section\">\n\t\t\t\t\t\t<div class=\"elementor-container elementor-column-gap-default\">\n\t\t\t\t\t\t\t<div class=\"elementor-row\">\n\t\t\t\t\t<div class=\"elementor-column elementor-col-100 elementor-inner-column elementor-element elementor-element-140e989\" data-id=\"140e989\" data-element_type=\"column\">\n\t\t\t<div class=\"elementor-column-wrap elementor-element-populated\">\n\t\t\t\t\t\t\t<div class=\"elementor-widget-wrap\">\n\t\t\t\t\t\t<div class=\"elementor-element elementor-element-5b89d52 elementor-widget elementor-widget-text-editor\" data-id=\"5b89d52\" data-element_type=\"widget\" data-widget_type=\"text-editor.default\">\n\t\t\t\t<div class=\"elementor-widget-container\">\n\t\t\t\t\t\t\t\t<div class=\"elementor-text-editor elementor-clearfix\">\n\t\t\t\t<h5><strong>TELEFON<\/strong><br \/><strong>Mustafa Bidav: <\/strong>\u00a0+90 532 578 57 28<br \/><strong>\u00d6zkan Bidav:<\/strong> +90 546 456 68 68<\/h5><h5><strong>E-POSTA<br \/><\/strong>bilgi@ipekyolinsaat.com<\/h5><h5><strong>ADRES<\/strong><br \/>\u00d6nder Mh. Ak\u00e7akale-2 Sk. No:50\/7\u00a0 Alt\u0131nda\u011f\/ANKARA<\/h5>\t\t\t\t\t<\/div>\n\t\t\t\t\t\t<\/div>\n\t\t\t\t<\/div>\n\t\t\t\t\t\t<\/div>\n\t\t\t\t\t<\/div>\n\t\t<\/div>\n\t\t\t\t\t\t\t\t<\/div>\n\t\t\t\t\t<\/div>\n\t\t<\/section>\n\t\t\t\t<div class=\"elementor-element elementor-element-a71f1ee elementor-widget elementor-widget-html\" data-id=\"a71f1ee\" data-element_type=\"widget\" data-widget_type=\"html.default\">\n\t\t\t\t<div class=\"elementor-widget-container\">\n\t\t\t<iframe src=\"https:\/\/www.google.com\/maps\/embed?pb=!1m14!1m8!1m3!1d382.2910144131598!2d32.9136298!3d39.9564162!3m2!1i1024!2i768!4f13.1!3m3!1m2!1s0x14d35322bd681f4f%3A0x5115e12bf432f738!2s%C4%B0pekyol%20%C4%B0n%C5%9Faat%20Mutfak%20Sistemleri!5e0!3m2!1str!2str!4v1654280260133!5m2!1str!2str\" width=\"1920\" height=\"300\" style=\"border:0;\" allowfullscreen=\"\" loading=\"lazy\" referrerpolicy=\"no-referrer-when-downgrade\"><\/iframe>\t\t<\/div>\n\t\t\t\t<\/div>\n\t\t\t\t\t\t<\/div>\n\t\t\t\t\t<\/div>\n\t\t<\/div>\n\t\t\t\t\t\t\t\t<\/div>\n\t\t\t\t\t<\/div>\n\t\t<\/section>\n\t\t\t\t\t\t\t\t\t<\/div>\n\t\t\t<\/div>\n\t\t\t\t\t<\/div>\n\t\t","protected":false},"excerpt":{"rendered":"<p>Bizimle \u0130leti\u015fime Ge\u00e7in TELEFONMustafa Bidav: \u00a0+90 532 578 57 28\u00d6zkan Bidav: +90 546 456 68 68 E-POSTAbilgi@ipekyolinsaat.com ADRES\u00d6nder Mh. Ak\u00e7akale-2 Sk. No:50\/7\u00a0 Alt\u0131nda\u011f\/ANKARA<\/p>\n","protected":false},"author":1,"featured_media":0,"parent":0,"menu_order":0,"comment_status":"closed","ping_status":"closed","template":"","meta":{"footnotes":""},"_links":{"self":[{"href":"https:\/\/ipekyolinsaat.com\/index.php\/wp-json\/wp\/v2\/pages\/107"}],"collection":[{"href":"https:\/\/ipekyolinsaat.com\/index.php\/wp-json\/wp\/v2\/pages"}],"about":[{"href":"https:\/\/ipekyolinsaat.com\/index.php\/wp-json\/wp\/v2\/types\/page"}],"author":[{"embeddable":true,"href":"https:\/\/ipekyolinsaat.com\/index.php\/wp-json\/wp\/v2\/users\/1"}],"replies":[{"embeddable":true,"href":"https:\/\/ipekyolinsaat.com\/index.php\/wp-json\/wp\/v2\/comments?post=107"}],"version-history":[{"count":52,"href":"https:\/\/ipekyolinsaat.com\/index.php\/wp-json\/wp\/v2\/pages\/107\/revisions"}],"predecessor-version":[{"id":170,"href":"https:\/\/ipekyolinsaat.com\/index.php\/wp-json\/wp\/v2\/pages\/107\/revisions\/170"}],"wp:attachment":[{"href":"https:\/\/ipekyolinsaat.com\/index.php\/wp-json\/wp\/v2\/media?parent=107"}],"curies":[{"name":"wp","href":"https:\/\/api.w.org\/{rel}","templated":true}]}}