{"id":20,"date":"2020-06-08T23:07:40","date_gmt":"2020-06-08T20:07:40","guid":{"rendered":"https:\/\/ipekyolinsaat.com\/?page_id=20"},"modified":"2022-06-02T00:55:23","modified_gmt":"2022-06-01T21:55:23","slug":"hakkimizda","status":"publish","type":"page","link":"https:\/\/ipekyolinsaat.com\/index.php\/hakkimizda\/","title":{"rendered":"Hakk\u0131m\u0131zda"},"content":{"rendered":"\t\t<div data-elementor-type=\"wp-page\" data-elementor-id=\"20\" class=\"elementor elementor-20\">\n\t\t\t\t\t\t<div class=\"elementor-inner\">\n\t\t\t\t<div class=\"elementor-section-wrap\">\n\t\t\t\t\t\t\t\t\t<section class=\"elementor-section elementor-top-section elementor-element elementor-element-a1da109 elementor-section-boxed elementor-section-height-default elementor-section-height-default\" data-id=\"a1da109\" data-element_type=\"section\">\n\t\t\t\t\t\t<div class=\"elementor-container elementor-column-gap-default\">\n\t\t\t\t\t\t\t<div class=\"elementor-row\">\n\t\t\t\t\t<div class=\"elementor-column elementor-col-100 elementor-top-column elementor-element elementor-element-bc0a510\" data-id=\"bc0a510\" data-element_type=\"column\">\n\t\t\t<div class=\"elementor-column-wrap elementor-element-populated\">\n\t\t\t\t\t\t\t<div class=\"elementor-widget-wrap\">\n\t\t\t\t\t\t<div class=\"elementor-element elementor-element-24a6c21 elementor-widget elementor-widget-heading\" data-id=\"24a6c21\" data-element_type=\"widget\" data-widget_type=\"heading.default\">\n\t\t\t\t<div class=\"elementor-widget-container\">\n\t\t\t<h1 class=\"elementor-heading-title elementor-size-default\">HAKKIMIZDA<\/h1>\t\t<\/div>\n\t\t\t\t<\/div>\n\t\t\t\t<section class=\"elementor-section elementor-inner-section elementor-element elementor-element-f49c9e5 elementor-section-boxed elementor-section-height-default elementor-section-height-default\" data-id=\"f49c9e5\" data-element_type=\"section\">\n\t\t\t\t\t\t<div class=\"elementor-container elementor-column-gap-default\">\n\t\t\t\t\t\t\t<div class=\"elementor-row\">\n\t\t\t\t\t<div class=\"elementor-column elementor-col-50 elementor-inner-column elementor-element elementor-element-1bfe43e\" data-id=\"1bfe43e\" data-element_type=\"column\">\n\t\t\t<div class=\"elementor-column-wrap elementor-element-populated\">\n\t\t\t\t\t\t\t<div class=\"elementor-widget-wrap\">\n\t\t\t\t\t\t<div class=\"elementor-element elementor-element-9749035 elementor-widget elementor-widget-image\" data-id=\"9749035\" data-element_type=\"widget\" data-widget_type=\"image.default\">\n\t\t\t\t<div class=\"elementor-widget-container\">\n\t\t\t\t\t\t\t\t<div class=\"elementor-image\">\n\t\t\t\t\t\t\t\t\t\t\t\t<img loading=\"lazy\" decoding=\"async\" width=\"1024\" height=\"768\" src=\"https:\/\/ipekyolinsaat.com\/wp-content\/uploads\/2022\/06\/r2-1024x768.jpg\" class=\"attachment-large size-large\" alt=\"\" srcset=\"https:\/\/ipekyolinsaat.com\/wp-content\/uploads\/2022\/06\/r2-1024x768.jpg 1024w, https:\/\/ipekyolinsaat.com\/wp-content\/uploads\/2022\/06\/r2-300x225.jpg 300w, https:\/\/ipekyolinsaat.com\/wp-content\/uploads\/2022\/06\/r2-768x576.jpg 768w, https:\/\/ipekyolinsaat.com\/wp-content\/uploads\/2022\/06\/r2-1536x1152.jpg 1536w, https:\/\/ipekyolinsaat.com\/wp-content\/uploads\/2022\/06\/r2-2048x1536.jpg 2048w\" sizes=\"(max-width: 1024px) 100vw, 1024px\" \/>\t\t\t\t\t\t\t\t\t\t\t\t\t\t<\/div>\n\t\t\t\t\t\t<\/div>\n\t\t\t\t<\/div>\n\t\t\t\t\t\t<\/div>\n\t\t\t\t\t<\/div>\n\t\t<\/div>\n\t\t\t\t<div class=\"elementor-column elementor-col-50 elementor-inner-column elementor-element elementor-element-2d392f8\" data-id=\"2d392f8\" data-element_type=\"column\">\n\t\t\t<div class=\"elementor-column-wrap elementor-element-populated\">\n\t\t\t\t\t\t\t<div class=\"elementor-widget-wrap\">\n\t\t\t\t\t\t<div class=\"elementor-element elementor-element-0970d44 elementor-widget elementor-widget-text-editor\" data-id=\"0970d44\" data-element_type=\"widget\" data-widget_type=\"text-editor.default\">\n\t\t\t\t<div class=\"elementor-widget-container\">\n\t\t\t\t\t\t\t\t<div class=\"elementor-text-editor elementor-clearfix\">\n\t\t\t\t<p>\u0130pekyol \u0130n\u015faat olarak kuruldu\u011fumuz g\u00fcnden itibaren olu\u015fturdu\u011fumuz ilkeleri taviz vermeden uyguluyor, bu nedenle ba\u015far\u0131l\u0131 \u00e7al\u0131\u015fmalar y\u00fcr\u00fct\u00fcyoruz. Firmam\u0131z s\u0131cac\u0131k ve mutlu bir yuva hayal eden y\u00fczlerce aileye ev ve i\u015f yeri sahibi olmas\u0131n\u0131 sa\u011flam\u0131\u015ft\u0131r. \u0130stihdam ve katma de\u011fer yaratarak, \u00fclke ve b\u00f6lge ekonomisine g\u00fc\u00e7 katan \u015firket, sa\u011flam ve emin ad\u0131mlarla b\u00fcy\u00fcmeyi temel ilke edinmi\u015ftir. Firmam\u0131z t\u00fcm projelerin tesliminden sonra ba\u015flamakta, teknik destek konular\u0131nda %100 m\u00fc\u015fteri memnuniyeti esas\u0131na g\u00f6re hizmet vermekte ve bu konuda altyap\u0131s\u0131n\u0131 s\u00fcrekli g\u00fc\u00e7lendiren bir firmad\u0131r.<br \/><br \/>T\u00fcm kaynaklar\u0131 m\u00fc\u015fterilerimizin ihtiya\u00e7, beklenti ve memnuniyetine g\u00f6re kullan\u0131r\u0131z. \u00c7a\u011f\u0131m\u0131z\u0131n mimari taleplerini kar\u015f\u0131layarak toplumsal de\u011ferlere uygun ya\u015fam alanlar\u0131 \u00fcretiyoruz. Ya\u015fam standartlar\u0131n\u0131 iyile\u015ftirmeye ve geli\u015ftirmeye kararl\u0131y\u0131z. T\u00fcm projelerimizde ileri teknoloji, uygun \u00e7\u00f6z\u00fcm ortaklar\u0131 ve y\u00fcksek kaliteli malzemeler uyguluyoruz. Tamamlad\u0131\u011f\u0131m\u0131z t\u00fcm projelerde kaliteli \u00fcretim ve zaman\u0131nda teslimat ilkelerimizden taviz vermeden \u00fcretmeye devam etmekteyiz.<\/p>\t\t\t\t\t<\/div>\n\t\t\t\t\t\t<\/div>\n\t\t\t\t<\/div>\n\t\t\t\t\t\t<\/div>\n\t\t\t\t\t<\/div>\n\t\t<\/div>\n\t\t\t\t\t\t\t\t<\/div>\n\t\t\t\t\t<\/div>\n\t\t<\/section>\n\t\t\t\t\t\t<\/div>\n\t\t\t\t\t<\/div>\n\t\t<\/div>\n\t\t\t\t\t\t\t\t<\/div>\n\t\t\t\t\t<\/div>\n\t\t<\/section>\n\t\t\t\t\t\t\t\t\t<\/div>\n\t\t\t<\/div>\n\t\t\t\t\t<\/div>\n\t\t","protected":false},"excerpt":{"rendered":"<p>HAKKIMIZDA \u0130pekyol \u0130n\u015faat olarak kuruldu\u011fumuz g\u00fcnden itibaren olu\u015fturdu\u011fumuz ilkeleri taviz vermeden uyguluyor, bu nedenle ba\u015far\u0131l\u0131 \u00e7al\u0131\u015fmalar y\u00fcr\u00fct\u00fcyoruz. Firmam\u0131z s\u0131cac\u0131k ve mutlu bir yuva hayal eden y\u00fczlerce aileye ev ve i\u015f yeri sahibi olmas\u0131n\u0131 sa\u011flam\u0131\u015ft\u0131r. \u0130stihdam ve katma de\u011fer yaratarak, \u00fclke ve b\u00f6lge ekonomisine g\u00fc\u00e7 katan \u015firket, sa\u011flam ve emin ad\u0131mlarla b\u00fcy\u00fcmeyi temel ilke edinmi\u015ftir. Firmam\u0131z [&hellip;]<\/p>\n","protected":false},"author":1,"featured_media":0,"parent":0,"menu_order":0,"comment_status":"closed","ping_status":"closed","template":"","meta":{"footnotes":""},"_links":{"self":[{"href":"https:\/\/ipekyolinsaat.com\/index.php\/wp-json\/wp\/v2\/pages\/20"}],"collection":[{"href":"https:\/\/ipekyolinsaat.com\/index.php\/wp-json\/wp\/v2\/pages"}],"about":[{"href":"https:\/\/ipekyolinsaat.com\/index.php\/wp-json\/wp\/v2\/types\/page"}],"author":[{"embeddable":true,"href":"https:\/\/ipekyolinsaat.com\/index.php\/wp-json\/wp\/v2\/users\/1"}],"replies":[{"embeddable":true,"href":"https:\/\/ipekyolinsaat.com\/index.php\/wp-json\/wp\/v2\/comments?post=20"}],"version-history":[{"count":20,"href":"https:\/\/ipekyolinsaat.com\/index.php\/wp-json\/wp\/v2\/pages\/20\/revisions"}],"predecessor-version":[{"id":80,"href":"https:\/\/ipekyolinsaat.com\/index.php\/wp-json\/wp\/v2\/pages\/20\/revisions\/80"}],"wp:attachment":[{"href":"https:\/\/ipekyolinsaat.com\/index.php\/wp-json\/wp\/v2\/media?parent=20"}],"curies":[{"name":"wp","href":"https:\/\/api.w.org\/{rel}","templated":true}]}}