{"id":94,"date":"2022-06-03T00:24:46","date_gmt":"2022-06-02T21:24:46","guid":{"rendered":"https:\/\/ipekyolinsaat.com\/?page_id=94"},"modified":"2022-06-03T21:56:23","modified_gmt":"2022-06-03T18:56:23","slug":"devam-eden-projeler","status":"publish","type":"page","link":"https:\/\/ipekyolinsaat.com\/index.php\/devam-eden-projeler\/","title":{"rendered":"Devam Eden Projeler"},"content":{"rendered":"\t\t<div data-elementor-type=\"wp-page\" data-elementor-id=\"94\" class=\"elementor elementor-94\">\n\t\t\t\t\t\t<div class=\"elementor-inner\">\n\t\t\t\t<div class=\"elementor-section-wrap\">\n\t\t\t\t\t\t\t\t\t<section class=\"elementor-section elementor-top-section elementor-element elementor-element-808b717 elementor-section-boxed elementor-section-height-default elementor-section-height-default\" data-id=\"808b717\" data-element_type=\"section\">\n\t\t\t\t\t\t<div class=\"elementor-container elementor-column-gap-default\">\n\t\t\t\t\t\t\t<div class=\"elementor-row\">\n\t\t\t\t\t<div class=\"elementor-column elementor-col-100 elementor-top-column elementor-element elementor-element-52c9acb\" data-id=\"52c9acb\" data-element_type=\"column\">\n\t\t\t<div class=\"elementor-column-wrap elementor-element-populated\">\n\t\t\t\t\t\t\t<div class=\"elementor-widget-wrap\">\n\t\t\t\t\t\t<div class=\"elementor-element elementor-element-80cbc2a elementor-widget elementor-widget-image-gallery\" data-id=\"80cbc2a\" data-element_type=\"widget\" data-widget_type=\"image-gallery.default\">\n\t\t\t\t<div class=\"elementor-widget-container\">\n\t\t\t\t\t<div class=\"elementor-image-gallery\">\n\t\t\t\n\t\t<style type=\"text\/css\">\n\t\t\t#gallery-1 {\n\t\t\t\tmargin: auto;\n\t\t\t}\n\t\t\t#gallery-1 .gallery-item {\n\t\t\t\tfloat: left;\n\t\t\t\tmargin-top: 10px;\n\t\t\t\ttext-align: center;\n\t\t\t\twidth: 25%;\n\t\t\t}\n\t\t\t#gallery-1 img {\n\t\t\t\tborder: 2px solid #cfcfcf;\n\t\t\t}\n\t\t\t#gallery-1 .gallery-caption {\n\t\t\t\tmargin-left: 0;\n\t\t\t}\n\t\t\t\/* see gallery_shortcode() in wp-includes\/media.php *\/\n\t\t<\/style>\n\t\t<div id='gallery-1' class='gallery galleryid-94 gallery-columns-4 gallery-size-thumbnail'><dl class='gallery-item'>\n\t\t\t<dt class='gallery-icon landscape'>\n\t\t\t\t<a data-elementor-open-lightbox=\"yes\" data-elementor-lightbox-slideshow=\"80cbc2a\" data-elementor-lightbox-title=\"AK Plaza 1\" e-action-hash=\"#elementor-action%3Aaction%3Dlightbox%26settings%3DeyJpZCI6MTk1LCJ1cmwiOiJodHRwczpcL1wvaXBla3lvbGluc2FhdC5jb21cL3dwLWNvbnRlbnRcL3VwbG9hZHNcLzIwMjJcLzA2XC9BSy1QbGF6YS0xLXNjYWxlZC5qcGciLCJzbGlkZXNob3ciOiI4MGNiYzJhIn0%3D\" href='https:\/\/ipekyolinsaat.com\/wp-content\/uploads\/2022\/06\/AK-Plaza-1-scaled.jpg'><img loading=\"lazy\" decoding=\"async\" width=\"150\" height=\"150\" src=\"https:\/\/ipekyolinsaat.com\/wp-content\/uploads\/2022\/06\/AK-Plaza-1-150x150.jpg\" class=\"attachment-thumbnail size-thumbnail\" alt=\"\" aria-describedby=\"gallery-1-195\" \/><\/a>\n\t\t\t<\/dt>\n\t\t\t\t<dd class='wp-caption-text gallery-caption' id='gallery-1-195'>\n\t\t\t\tAK Plaza\n\t\t\t\t<\/dd><\/dl><dl class='gallery-item'>\n\t\t\t<dt class='gallery-icon landscape'>\n\t\t\t\t<a data-elementor-open-lightbox=\"yes\" data-elementor-lightbox-slideshow=\"80cbc2a\" data-elementor-lightbox-title=\"AK Plaza 2\" e-action-hash=\"#elementor-action%3Aaction%3Dlightbox%26settings%3DeyJpZCI6MTk2LCJ1cmwiOiJodHRwczpcL1wvaXBla3lvbGluc2FhdC5jb21cL3dwLWNvbnRlbnRcL3VwbG9hZHNcLzIwMjJcLzA2XC9BSy1QbGF6YS0yLXNjYWxlZC5qcGciLCJzbGlkZXNob3ciOiI4MGNiYzJhIn0%3D\" href='https:\/\/ipekyolinsaat.com\/wp-content\/uploads\/2022\/06\/AK-Plaza-2-scaled.jpg'><img loading=\"lazy\" decoding=\"async\" width=\"150\" height=\"150\" src=\"https:\/\/ipekyolinsaat.com\/wp-content\/uploads\/2022\/06\/AK-Plaza-2-150x150.jpg\" class=\"attachment-thumbnail size-thumbnail\" alt=\"\" aria-describedby=\"gallery-1-196\" \/><\/a>\n\t\t\t<\/dt>\n\t\t\t\t<dd class='wp-caption-text gallery-caption' id='gallery-1-196'>\n\t\t\t\tAK Plaza 2\n\t\t\t\t<\/dd><\/dl><dl class='gallery-item'>\n\t\t\t<dt class='gallery-icon landscape'>\n\t\t\t\t<a data-elementor-open-lightbox=\"yes\" data-elementor-lightbox-slideshow=\"80cbc2a\" data-elementor-lightbox-title=\"AK Plaza 3\" e-action-hash=\"#elementor-action%3Aaction%3Dlightbox%26settings%3DeyJpZCI6MTk3LCJ1cmwiOiJodHRwczpcL1wvaXBla3lvbGluc2FhdC5jb21cL3dwLWNvbnRlbnRcL3VwbG9hZHNcLzIwMjJcLzA2XC9BSy1QbGF6YS0zLXNjYWxlZC5qcGciLCJzbGlkZXNob3ciOiI4MGNiYzJhIn0%3D\" href='https:\/\/ipekyolinsaat.com\/wp-content\/uploads\/2022\/06\/AK-Plaza-3-scaled.jpg'><img loading=\"lazy\" decoding=\"async\" width=\"150\" height=\"150\" src=\"https:\/\/ipekyolinsaat.com\/wp-content\/uploads\/2022\/06\/AK-Plaza-3-150x150.jpg\" class=\"attachment-thumbnail size-thumbnail\" alt=\"\" aria-describedby=\"gallery-1-197\" \/><\/a>\n\t\t\t<\/dt>\n\t\t\t\t<dd class='wp-caption-text gallery-caption' id='gallery-1-197'>\n\t\t\t\tAK Plaza 3\n\t\t\t\t<\/dd><\/dl><dl class='gallery-item'>\n\t\t\t<dt class='gallery-icon landscape'>\n\t\t\t\t<a data-elementor-open-lightbox=\"yes\" data-elementor-lightbox-slideshow=\"80cbc2a\" data-elementor-lightbox-title=\"AK Plaza 4\" e-action-hash=\"#elementor-action%3Aaction%3Dlightbox%26settings%3DeyJpZCI6MTk4LCJ1cmwiOiJodHRwczpcL1wvaXBla3lvbGluc2FhdC5jb21cL3dwLWNvbnRlbnRcL3VwbG9hZHNcLzIwMjJcLzA2XC9BSy1QbGF6YS00LXNjYWxlZC5qcGciLCJzbGlkZXNob3ciOiI4MGNiYzJhIn0%3D\" href='https:\/\/ipekyolinsaat.com\/wp-content\/uploads\/2022\/06\/AK-Plaza-4-scaled.jpg'><img loading=\"lazy\" decoding=\"async\" width=\"150\" height=\"150\" src=\"https:\/\/ipekyolinsaat.com\/wp-content\/uploads\/2022\/06\/AK-Plaza-4-150x150.jpg\" class=\"attachment-thumbnail size-thumbnail\" alt=\"\" aria-describedby=\"gallery-1-198\" \/><\/a>\n\t\t\t<\/dt>\n\t\t\t\t<dd class='wp-caption-text gallery-caption' id='gallery-1-198'>\n\t\t\t\tAK Plaza 4\n\t\t\t\t<\/dd><\/dl><br style=\"clear: both\" \/><dl class='gallery-item'>\n\t\t\t<dt class='gallery-icon landscape'>\n\t\t\t\t<a data-elementor-open-lightbox=\"yes\" data-elementor-lightbox-slideshow=\"80cbc2a\" data-elementor-lightbox-title=\"AK Plaza 5\" e-action-hash=\"#elementor-action%3Aaction%3Dlightbox%26settings%3DeyJpZCI6MTk5LCJ1cmwiOiJodHRwczpcL1wvaXBla3lvbGluc2FhdC5jb21cL3dwLWNvbnRlbnRcL3VwbG9hZHNcLzIwMjJcLzA2XC9BSy1QbGF6YS01LXNjYWxlZC5qcGciLCJzbGlkZXNob3ciOiI4MGNiYzJhIn0%3D\" href='https:\/\/ipekyolinsaat.com\/wp-content\/uploads\/2022\/06\/AK-Plaza-5-scaled.jpg'><img loading=\"lazy\" decoding=\"async\" width=\"150\" height=\"150\" src=\"https:\/\/ipekyolinsaat.com\/wp-content\/uploads\/2022\/06\/AK-Plaza-5-150x150.jpg\" class=\"attachment-thumbnail size-thumbnail\" alt=\"\" aria-describedby=\"gallery-1-199\" \/><\/a>\n\t\t\t<\/dt>\n\t\t\t\t<dd class='wp-caption-text gallery-caption' id='gallery-1-199'>\n\t\t\t\tAK Plaza 5\n\t\t\t\t<\/dd><\/dl><dl class='gallery-item'>\n\t\t\t<dt class='gallery-icon landscape'>\n\t\t\t\t<a data-elementor-open-lightbox=\"yes\" data-elementor-lightbox-slideshow=\"80cbc2a\" data-elementor-lightbox-title=\"AK Plaza 6\" e-action-hash=\"#elementor-action%3Aaction%3Dlightbox%26settings%3DeyJpZCI6MjAwLCJ1cmwiOiJodHRwczpcL1wvaXBla3lvbGluc2FhdC5jb21cL3dwLWNvbnRlbnRcL3VwbG9hZHNcLzIwMjJcLzA2XC9BSy1QbGF6YS02LXNjYWxlZC5qcGciLCJzbGlkZXNob3ciOiI4MGNiYzJhIn0%3D\" href='https:\/\/ipekyolinsaat.com\/wp-content\/uploads\/2022\/06\/AK-Plaza-6-scaled.jpg'><img loading=\"lazy\" decoding=\"async\" width=\"150\" height=\"150\" src=\"https:\/\/ipekyolinsaat.com\/wp-content\/uploads\/2022\/06\/AK-Plaza-6-150x150.jpg\" class=\"attachment-thumbnail size-thumbnail\" alt=\"\" aria-describedby=\"gallery-1-200\" \/><\/a>\n\t\t\t<\/dt>\n\t\t\t\t<dd class='wp-caption-text gallery-caption' id='gallery-1-200'>\n\t\t\t\tAK Plaza 6\n\t\t\t\t<\/dd><\/dl><dl class='gallery-item'>\n\t\t\t<dt class='gallery-icon landscape'>\n\t\t\t\t<a data-elementor-open-lightbox=\"yes\" data-elementor-lightbox-slideshow=\"80cbc2a\" data-elementor-lightbox-title=\"AK Plaza 7\" e-action-hash=\"#elementor-action%3Aaction%3Dlightbox%26settings%3DeyJpZCI6MjAxLCJ1cmwiOiJodHRwczpcL1wvaXBla3lvbGluc2FhdC5jb21cL3dwLWNvbnRlbnRcL3VwbG9hZHNcLzIwMjJcLzA2XC9BSy1QbGF6YS03LXNjYWxlZC5qcGciLCJzbGlkZXNob3ciOiI4MGNiYzJhIn0%3D\" href='https:\/\/ipekyolinsaat.com\/wp-content\/uploads\/2022\/06\/AK-Plaza-7-scaled.jpg'><img loading=\"lazy\" decoding=\"async\" width=\"150\" height=\"150\" src=\"https:\/\/ipekyolinsaat.com\/wp-content\/uploads\/2022\/06\/AK-Plaza-7-150x150.jpg\" class=\"attachment-thumbnail size-thumbnail\" alt=\"\" aria-describedby=\"gallery-1-201\" \/><\/a>\n\t\t\t<\/dt>\n\t\t\t\t<dd class='wp-caption-text gallery-caption' id='gallery-1-201'>\n\t\t\t\tAK Plaza 7\n\t\t\t\t<\/dd><\/dl><dl class='gallery-item'>\n\t\t\t<dt class='gallery-icon landscape'>\n\t\t\t\t<a data-elementor-open-lightbox=\"yes\" data-elementor-lightbox-slideshow=\"80cbc2a\" data-elementor-lightbox-title=\"AK Plaza 8\" e-action-hash=\"#elementor-action%3Aaction%3Dlightbox%26settings%3DeyJpZCI6MjAyLCJ1cmwiOiJodHRwczpcL1wvaXBla3lvbGluc2FhdC5jb21cL3dwLWNvbnRlbnRcL3VwbG9hZHNcLzIwMjJcLzA2XC9BSy1QbGF6YS04LXNjYWxlZC5qcGciLCJzbGlkZXNob3ciOiI4MGNiYzJhIn0%3D\" href='https:\/\/ipekyolinsaat.com\/wp-content\/uploads\/2022\/06\/AK-Plaza-8-scaled.jpg'><img loading=\"lazy\" decoding=\"async\" width=\"150\" height=\"150\" src=\"https:\/\/ipekyolinsaat.com\/wp-content\/uploads\/2022\/06\/AK-Plaza-8-150x150.jpg\" class=\"attachment-thumbnail size-thumbnail\" alt=\"\" aria-describedby=\"gallery-1-202\" \/><\/a>\n\t\t\t<\/dt>\n\t\t\t\t<dd class='wp-caption-text gallery-caption' id='gallery-1-202'>\n\t\t\t\tAK Plaza 8\n\t\t\t\t<\/dd><\/dl><br style=\"clear: both\" \/><dl class='gallery-item'>\n\t\t\t<dt class='gallery-icon landscape'>\n\t\t\t\t<a data-elementor-open-lightbox=\"yes\" data-elementor-lightbox-slideshow=\"80cbc2a\" data-elementor-lightbox-title=\"AK Plaza 9\" e-action-hash=\"#elementor-action%3Aaction%3Dlightbox%26settings%3DeyJpZCI6MjAzLCJ1cmwiOiJodHRwczpcL1wvaXBla3lvbGluc2FhdC5jb21cL3dwLWNvbnRlbnRcL3VwbG9hZHNcLzIwMjJcLzA2XC9BSy1QbGF6YS05LXNjYWxlZC5qcGciLCJzbGlkZXNob3ciOiI4MGNiYzJhIn0%3D\" href='https:\/\/ipekyolinsaat.com\/wp-content\/uploads\/2022\/06\/AK-Plaza-9-scaled.jpg'><img loading=\"lazy\" decoding=\"async\" width=\"150\" height=\"150\" src=\"https:\/\/ipekyolinsaat.com\/wp-content\/uploads\/2022\/06\/AK-Plaza-9-150x150.jpg\" class=\"attachment-thumbnail size-thumbnail\" alt=\"\" aria-describedby=\"gallery-1-203\" \/><\/a>\n\t\t\t<\/dt>\n\t\t\t\t<dd class='wp-caption-text gallery-caption' id='gallery-1-203'>\n\t\t\t\tAK Plaza 9\n\t\t\t\t<\/dd><\/dl><dl class='gallery-item'>\n\t\t\t<dt class='gallery-icon landscape'>\n\t\t\t\t<a data-elementor-open-lightbox=\"yes\" data-elementor-lightbox-slideshow=\"80cbc2a\" data-elementor-lightbox-title=\"AK Plaza 10\" e-action-hash=\"#elementor-action%3Aaction%3Dlightbox%26settings%3DeyJpZCI6MjA0LCJ1cmwiOiJodHRwczpcL1wvaXBla3lvbGluc2FhdC5jb21cL3dwLWNvbnRlbnRcL3VwbG9hZHNcLzIwMjJcLzA2XC9BSy1QbGF6YS0xMC1zY2FsZWQuanBnIiwic2xpZGVzaG93IjoiODBjYmMyYSJ9\" href='https:\/\/ipekyolinsaat.com\/wp-content\/uploads\/2022\/06\/AK-Plaza-10-scaled.jpg'><img loading=\"lazy\" decoding=\"async\" width=\"150\" height=\"150\" src=\"https:\/\/ipekyolinsaat.com\/wp-content\/uploads\/2022\/06\/AK-Plaza-10-150x150.jpg\" class=\"attachment-thumbnail size-thumbnail\" alt=\"\" aria-describedby=\"gallery-1-204\" \/><\/a>\n\t\t\t<\/dt>\n\t\t\t\t<dd class='wp-caption-text gallery-caption' id='gallery-1-204'>\n\t\t\t\tAK Plaza 10\n\t\t\t\t<\/dd><\/dl><dl class='gallery-item'>\n\t\t\t<dt class='gallery-icon landscape'>\n\t\t\t\t<a data-elementor-open-lightbox=\"yes\" data-elementor-lightbox-slideshow=\"80cbc2a\" data-elementor-lightbox-title=\"AK Plaza 11\" e-action-hash=\"#elementor-action%3Aaction%3Dlightbox%26settings%3DeyJpZCI6MjA1LCJ1cmwiOiJodHRwczpcL1wvaXBla3lvbGluc2FhdC5jb21cL3dwLWNvbnRlbnRcL3VwbG9hZHNcLzIwMjJcLzA2XC9BSy1QbGF6YS0xMS1zY2FsZWQuanBnIiwic2xpZGVzaG93IjoiODBjYmMyYSJ9\" href='https:\/\/ipekyolinsaat.com\/wp-content\/uploads\/2022\/06\/AK-Plaza-11-scaled.jpg'><img loading=\"lazy\" decoding=\"async\" width=\"150\" height=\"150\" src=\"https:\/\/ipekyolinsaat.com\/wp-content\/uploads\/2022\/06\/AK-Plaza-11-150x150.jpg\" class=\"attachment-thumbnail size-thumbnail\" alt=\"\" aria-describedby=\"gallery-1-205\" \/><\/a>\n\t\t\t<\/dt>\n\t\t\t\t<dd class='wp-caption-text gallery-caption' id='gallery-1-205'>\n\t\t\t\tAK Plaza 11\n\t\t\t\t<\/dd><\/dl><dl class='gallery-item'>\n\t\t\t<dt class='gallery-icon landscape'>\n\t\t\t\t<a data-elementor-open-lightbox=\"yes\" data-elementor-lightbox-slideshow=\"80cbc2a\" data-elementor-lightbox-title=\"G\u00f6k\u00e7e Konutlar\u0131 1\" e-action-hash=\"#elementor-action%3Aaction%3Dlightbox%26settings%3DeyJpZCI6MjEwLCJ1cmwiOiJodHRwczpcL1wvaXBla3lvbGluc2FhdC5jb21cL3dwLWNvbnRlbnRcL3VwbG9hZHNcLzIwMjJcLzA2XC9Hb2tjZS1Lb251dGxhcmktMS1zY2FsZWQuanBnIiwic2xpZGVzaG93IjoiODBjYmMyYSJ9\" href='https:\/\/ipekyolinsaat.com\/wp-content\/uploads\/2022\/06\/Gokce-Konutlari-1-scaled.jpg'><img loading=\"lazy\" decoding=\"async\" width=\"150\" height=\"150\" src=\"https:\/\/ipekyolinsaat.com\/wp-content\/uploads\/2022\/06\/Gokce-Konutlari-1-150x150.jpg\" class=\"attachment-thumbnail size-thumbnail\" alt=\"\" aria-describedby=\"gallery-1-210\" \/><\/a>\n\t\t\t<\/dt>\n\t\t\t\t<dd class='wp-caption-text gallery-caption' id='gallery-1-210'>\n\t\t\t\tG\u00f6k\u00e7e Konutlar\u0131 1\n\t\t\t\t<\/dd><\/dl><br style=\"clear: both\" \/><dl class='gallery-item'>\n\t\t\t<dt class='gallery-icon landscape'>\n\t\t\t\t<a data-elementor-open-lightbox=\"yes\" data-elementor-lightbox-slideshow=\"80cbc2a\" data-elementor-lightbox-title=\"G\u00f6k\u00e7e Konutlar\u0131 2\" e-action-hash=\"#elementor-action%3Aaction%3Dlightbox%26settings%3DeyJpZCI6MjExLCJ1cmwiOiJodHRwczpcL1wvaXBla3lvbGluc2FhdC5jb21cL3dwLWNvbnRlbnRcL3VwbG9hZHNcLzIwMjJcLzA2XC9Hb2tjZS1Lb251dGxhcmktMi1zY2FsZWQuanBnIiwic2xpZGVzaG93IjoiODBjYmMyYSJ9\" href='https:\/\/ipekyolinsaat.com\/wp-content\/uploads\/2022\/06\/Gokce-Konutlari-2-scaled.jpg'><img loading=\"lazy\" decoding=\"async\" width=\"150\" height=\"150\" src=\"https:\/\/ipekyolinsaat.com\/wp-content\/uploads\/2022\/06\/Gokce-Konutlari-2-150x150.jpg\" class=\"attachment-thumbnail size-thumbnail\" alt=\"\" aria-describedby=\"gallery-1-211\" \/><\/a>\n\t\t\t<\/dt>\n\t\t\t\t<dd class='wp-caption-text gallery-caption' id='gallery-1-211'>\n\t\t\t\tG\u00f6k\u00e7e Konutlar\u0131 2\n\t\t\t\t<\/dd><\/dl><dl class='gallery-item'>\n\t\t\t<dt class='gallery-icon landscape'>\n\t\t\t\t<a data-elementor-open-lightbox=\"yes\" data-elementor-lightbox-slideshow=\"80cbc2a\" data-elementor-lightbox-title=\"G\u00f6k\u00e7e Konutlar\u0131 3\" e-action-hash=\"#elementor-action%3Aaction%3Dlightbox%26settings%3DeyJpZCI6MjEyLCJ1cmwiOiJodHRwczpcL1wvaXBla3lvbGluc2FhdC5jb21cL3dwLWNvbnRlbnRcL3VwbG9hZHNcLzIwMjJcLzA2XC9Hb2tjZS1Lb251dGxhcmktMy1zY2FsZWQuanBnIiwic2xpZGVzaG93IjoiODBjYmMyYSJ9\" href='https:\/\/ipekyolinsaat.com\/wp-content\/uploads\/2022\/06\/Gokce-Konutlari-3-scaled.jpg'><img loading=\"lazy\" decoding=\"async\" width=\"150\" height=\"150\" src=\"https:\/\/ipekyolinsaat.com\/wp-content\/uploads\/2022\/06\/Gokce-Konutlari-3-150x150.jpg\" class=\"attachment-thumbnail size-thumbnail\" alt=\"\" aria-describedby=\"gallery-1-212\" \/><\/a>\n\t\t\t<\/dt>\n\t\t\t\t<dd class='wp-caption-text gallery-caption' id='gallery-1-212'>\n\t\t\t\tG\u00f6k\u00e7e Konutlar\u0131 3\n\t\t\t\t<\/dd><\/dl><dl class='gallery-item'>\n\t\t\t<dt class='gallery-icon landscape'>\n\t\t\t\t<a data-elementor-open-lightbox=\"yes\" data-elementor-lightbox-slideshow=\"80cbc2a\" data-elementor-lightbox-title=\"G\u00f6k\u00e7e Konutlar\u0131 4\" e-action-hash=\"#elementor-action%3Aaction%3Dlightbox%26settings%3DeyJpZCI6MjEzLCJ1cmwiOiJodHRwczpcL1wvaXBla3lvbGluc2FhdC5jb21cL3dwLWNvbnRlbnRcL3VwbG9hZHNcLzIwMjJcLzA2XC9Hb2tjZS1Lb251dGxhcmktNC1zY2FsZWQuanBnIiwic2xpZGVzaG93IjoiODBjYmMyYSJ9\" href='https:\/\/ipekyolinsaat.com\/wp-content\/uploads\/2022\/06\/Gokce-Konutlari-4-scaled.jpg'><img loading=\"lazy\" decoding=\"async\" width=\"150\" height=\"150\" src=\"https:\/\/ipekyolinsaat.com\/wp-content\/uploads\/2022\/06\/Gokce-Konutlari-4-150x150.jpg\" class=\"attachment-thumbnail size-thumbnail\" alt=\"\" aria-describedby=\"gallery-1-213\" \/><\/a>\n\t\t\t<\/dt>\n\t\t\t\t<dd class='wp-caption-text gallery-caption' id='gallery-1-213'>\n\t\t\t\tG\u00f6k\u00e7e Konutlar\u0131 4\n\t\t\t\t<\/dd><\/dl><dl class='gallery-item'>\n\t\t\t<dt class='gallery-icon landscape'>\n\t\t\t\t<a data-elementor-open-lightbox=\"yes\" data-elementor-lightbox-slideshow=\"80cbc2a\" data-elementor-lightbox-title=\"G\u00f6k\u00e7e Konutlar\u0131 5\" e-action-hash=\"#elementor-action%3Aaction%3Dlightbox%26settings%3DeyJpZCI6MjE0LCJ1cmwiOiJodHRwczpcL1wvaXBla3lvbGluc2FhdC5jb21cL3dwLWNvbnRlbnRcL3VwbG9hZHNcLzIwMjJcLzA2XC9Hb2tjZS1Lb251dGxhcmktNS1zY2FsZWQuanBnIiwic2xpZGVzaG93IjoiODBjYmMyYSJ9\" href='https:\/\/ipekyolinsaat.com\/wp-content\/uploads\/2022\/06\/Gokce-Konutlari-5-scaled.jpg'><img loading=\"lazy\" decoding=\"async\" width=\"150\" height=\"150\" src=\"https:\/\/ipekyolinsaat.com\/wp-content\/uploads\/2022\/06\/Gokce-Konutlari-5-150x150.jpg\" class=\"attachment-thumbnail size-thumbnail\" alt=\"\" aria-describedby=\"gallery-1-214\" \/><\/a>\n\t\t\t<\/dt>\n\t\t\t\t<dd class='wp-caption-text gallery-caption' id='gallery-1-214'>\n\t\t\t\tG\u00f6k\u00e7e Konutlar\u0131 5\n\t\t\t\t<\/dd><\/dl><br style=\"clear: both\" \/><dl class='gallery-item'>\n\t\t\t<dt class='gallery-icon landscape'>\n\t\t\t\t<a data-elementor-open-lightbox=\"yes\" data-elementor-lightbox-slideshow=\"80cbc2a\" data-elementor-lightbox-title=\"G\u00f6k\u00e7e Konutlar\u0131 6\" e-action-hash=\"#elementor-action%3Aaction%3Dlightbox%26settings%3DeyJpZCI6MjE1LCJ1cmwiOiJodHRwczpcL1wvaXBla3lvbGluc2FhdC5jb21cL3dwLWNvbnRlbnRcL3VwbG9hZHNcLzIwMjJcLzA2XC9Hb2tjZS1Lb251dGxhcmktNi1zY2FsZWQuanBnIiwic2xpZGVzaG93IjoiODBjYmMyYSJ9\" href='https:\/\/ipekyolinsaat.com\/wp-content\/uploads\/2022\/06\/Gokce-Konutlari-6-scaled.jpg'><img loading=\"lazy\" decoding=\"async\" width=\"150\" height=\"150\" src=\"https:\/\/ipekyolinsaat.com\/wp-content\/uploads\/2022\/06\/Gokce-Konutlari-6-150x150.jpg\" class=\"attachment-thumbnail size-thumbnail\" alt=\"\" aria-describedby=\"gallery-1-215\" \/><\/a>\n\t\t\t<\/dt>\n\t\t\t\t<dd class='wp-caption-text gallery-caption' id='gallery-1-215'>\n\t\t\t\tG\u00f6k\u00e7e Konutlar\u0131 6\n\t\t\t\t<\/dd><\/dl><dl class='gallery-item'>\n\t\t\t<dt class='gallery-icon landscape'>\n\t\t\t\t<a data-elementor-open-lightbox=\"yes\" data-elementor-lightbox-slideshow=\"80cbc2a\" data-elementor-lightbox-title=\"G\u00f6k\u00e7e Konutlar\u0131 7\" e-action-hash=\"#elementor-action%3Aaction%3Dlightbox%26settings%3DeyJpZCI6MjE2LCJ1cmwiOiJodHRwczpcL1wvaXBla3lvbGluc2FhdC5jb21cL3dwLWNvbnRlbnRcL3VwbG9hZHNcLzIwMjJcLzA2XC9Hb2tjZS1Lb251dGxhcmktNy1zY2FsZWQuanBnIiwic2xpZGVzaG93IjoiODBjYmMyYSJ9\" href='https:\/\/ipekyolinsaat.com\/wp-content\/uploads\/2022\/06\/Gokce-Konutlari-7-scaled.jpg'><img loading=\"lazy\" decoding=\"async\" width=\"150\" height=\"150\" src=\"https:\/\/ipekyolinsaat.com\/wp-content\/uploads\/2022\/06\/Gokce-Konutlari-7-150x150.jpg\" class=\"attachment-thumbnail size-thumbnail\" alt=\"\" aria-describedby=\"gallery-1-216\" \/><\/a>\n\t\t\t<\/dt>\n\t\t\t\t<dd class='wp-caption-text gallery-caption' id='gallery-1-216'>\n\t\t\t\tG\u00f6k\u00e7e Konutlar\u0131 7\n\t\t\t\t<\/dd><\/dl><dl class='gallery-item'>\n\t\t\t<dt class='gallery-icon landscape'>\n\t\t\t\t<a data-elementor-open-lightbox=\"yes\" data-elementor-lightbox-slideshow=\"80cbc2a\" data-elementor-lightbox-title=\"G\u00f6k\u00e7e Konutlar\u0131 8\" e-action-hash=\"#elementor-action%3Aaction%3Dlightbox%26settings%3DeyJpZCI6MjE3LCJ1cmwiOiJodHRwczpcL1wvaXBla3lvbGluc2FhdC5jb21cL3dwLWNvbnRlbnRcL3VwbG9hZHNcLzIwMjJcLzA2XC9Hb2tjZS1Lb251dGxhcmktOC1zY2FsZWQuanBnIiwic2xpZGVzaG93IjoiODBjYmMyYSJ9\" href='https:\/\/ipekyolinsaat.com\/wp-content\/uploads\/2022\/06\/Gokce-Konutlari-8-scaled.jpg'><img loading=\"lazy\" decoding=\"async\" width=\"150\" height=\"150\" src=\"https:\/\/ipekyolinsaat.com\/wp-content\/uploads\/2022\/06\/Gokce-Konutlari-8-150x150.jpg\" class=\"attachment-thumbnail size-thumbnail\" alt=\"\" aria-describedby=\"gallery-1-217\" \/><\/a>\n\t\t\t<\/dt>\n\t\t\t\t<dd class='wp-caption-text gallery-caption' id='gallery-1-217'>\n\t\t\t\tG\u00f6k\u00e7e Konutlar\u0131 8\n\t\t\t\t<\/dd><\/dl><dl class='gallery-item'>\n\t\t\t<dt class='gallery-icon landscape'>\n\t\t\t\t<a data-elementor-open-lightbox=\"yes\" data-elementor-lightbox-slideshow=\"80cbc2a\" data-elementor-lightbox-title=\"G\u00f6k\u00e7e Konutlar\u0131 9\" e-action-hash=\"#elementor-action%3Aaction%3Dlightbox%26settings%3DeyJpZCI6MjE4LCJ1cmwiOiJodHRwczpcL1wvaXBla3lvbGluc2FhdC5jb21cL3dwLWNvbnRlbnRcL3VwbG9hZHNcLzIwMjJcLzA2XC9Hb2tjZS1Lb251dGxhcmktOS1zY2FsZWQuanBnIiwic2xpZGVzaG93IjoiODBjYmMyYSJ9\" href='https:\/\/ipekyolinsaat.com\/wp-content\/uploads\/2022\/06\/Gokce-Konutlari-9-scaled.jpg'><img loading=\"lazy\" decoding=\"async\" width=\"150\" height=\"150\" src=\"https:\/\/ipekyolinsaat.com\/wp-content\/uploads\/2022\/06\/Gokce-Konutlari-9-150x150.jpg\" class=\"attachment-thumbnail size-thumbnail\" alt=\"\" aria-describedby=\"gallery-1-218\" \/><\/a>\n\t\t\t<\/dt>\n\t\t\t\t<dd class='wp-caption-text gallery-caption' id='gallery-1-218'>\n\t\t\t\tG\u00f6k\u00e7e Konutlar\u0131 9\n\t\t\t\t<\/dd><\/dl><br style=\"clear: both\" \/>\n\t\t<\/div>\n\t\t<\/div>\n\t\t\t\t<\/div>\n\t\t\t\t<\/div>\n\t\t\t\t\t\t<\/div>\n\t\t\t\t\t<\/div>\n\t\t<\/div>\n\t\t\t\t\t\t\t\t<\/div>\n\t\t\t\t\t<\/div>\n\t\t<\/section>\n\t\t\t\t\t\t\t\t\t<\/div>\n\t\t\t<\/div>\n\t\t\t\t\t<\/div>\n\t\t","protected":false},"excerpt":{"rendered":"<p>AK Plaza AK Plaza 2 AK Plaza 3 AK Plaza 4 AK Plaza 5 AK Plaza 6 AK Plaza 7 AK Plaza 8 AK Plaza 9 AK Plaza 10 AK Plaza 11 G\u00f6k\u00e7e Konutlar\u0131 1 G\u00f6k\u00e7e Konutlar\u0131 2 G\u00f6k\u00e7e Konutlar\u0131 3 G\u00f6k\u00e7e Konutlar\u0131 4 G\u00f6k\u00e7e Konutlar\u0131 5 G\u00f6k\u00e7e Konutlar\u0131 6 G\u00f6k\u00e7e Konutlar\u0131 7 G\u00f6k\u00e7e Konutlar\u0131 [&hellip;]<\/p>\n","protected":false},"author":1,"featured_media":0,"parent":0,"menu_order":0,"comment_status":"closed","ping_status":"closed","template":"","meta":{"footnotes":""},"_links":{"self":[{"href":"https:\/\/ipekyolinsaat.com\/index.php\/wp-json\/wp\/v2\/pages\/94"}],"collection":[{"href":"https:\/\/ipekyolinsaat.com\/index.php\/wp-json\/wp\/v2\/pages"}],"about":[{"href":"https:\/\/ipekyolinsaat.com\/index.php\/wp-json\/wp\/v2\/types\/page"}],"author":[{"embeddable":true,"href":"https:\/\/ipekyolinsaat.com\/index.php\/wp-json\/wp\/v2\/users\/1"}],"replies":[{"embeddable":true,"href":"https:\/\/ipekyolinsaat.com\/index.php\/wp-json\/wp\/v2\/comments?post=94"}],"version-history":[{"count":19,"href":"https:\/\/ipekyolinsaat.com\/index.php\/wp-json\/wp\/v2\/pages\/94\/revisions"}],"predecessor-version":[{"id":221,"href":"https:\/\/ipekyolinsaat.com\/index.php\/wp-json\/wp\/v2\/pages\/94\/revisions\/221"}],"wp:attachment":[{"href":"https:\/\/ipekyolinsaat.com\/index.php\/wp-json\/wp\/v2\/media?parent=94"}],"curies":[{"name":"wp","href":"https:\/\/api.w.org\/{rel}","templated":true}]}}